{"id":1423,"date":"2025-05-18T18:20:09","date_gmt":"2025-05-18T18:20:09","guid":{"rendered":"http:\/\/californiawax.es\/home\/"},"modified":"2025-06-20T15:12:09","modified_gmt":"2025-06-20T15:12:09","slug":"home","status":"publish","type":"page","link":"https:\/\/californiawax.es\/en\/","title":{"rendered":"WELCOME TO SOCIAL CLUB CALIFORNIAN WAX"},"content":{"rendered":"<div class=\"wp-block-uagb-container uagb-block-754e8ff9 alignfull uagb-is-root-container\"><div class=\"uagb-container-inner-blocks-wrap\"><h2 style=\"background-color:#326931fa; font-style:italic;font-weight:700; padding-top:var(--wp--preset--spacing--20);padding-bottom:var(--wp--preset--spacing--20);padding-left:var(--wp--preset--spacing--60);padding-right:var(--wp--preset--spacing--60);\" class=\"has-text-align-center has-link-color wp-elements-03ba0bec14249bdf7835d78c0eff938c wp-block-post-title has-text-color has-luminous-vivid-amber-color has-background\">WELCOME TO SOCIAL CLUB CALIFORNIAN WAX<\/h2>\n\n\n<div style=\"text-align: center;\">\n  <a href=\"#popmake-3635\" class=\"popmake\" \n     style=\"display: inline-block; padding: 12px 24px; background-color: #28a745; color: white; text-decoration: none; border-radius: 8px; font-weight: bold; font-size: 16px;\">\n    Register\n  <\/a>\n<\/div>\n<\/div><\/div>\n\n\n\n<div class=\"wp-block-uagb-container uagb-block-010058e8 alignfull uagb-is-root-container\"><div class=\"uagb-container-inner-blocks-wrap\">\n<div class=\"wp-block-uagb-container uagb-block-2b868565\">\n<div class=\"wp-block-group is-nowrap is-layout-flex wp-container-core-group-is-layout-6c531013 wp-block-group-is-layout-flex\">\n<div class=\"wp-block-uagb-container uagb-block-cedbfeaa\">\n<div class=\"wp-block-uagb-advanced-heading uagb-block-8fb87002\"><h2 class=\"uagb-heading-text\">Review<\/h2><\/div>\n<\/div>\n<\/div>\n\n\n\n<div class=\"wp-block-uagb-container uagb-block-3e6160a8\">\n<div class=\"wp-block-uagb-star-rating uagb-block-175c8949\"><div class=\"uag-star-rating\" title=\"5\/5\"><span class=\"uag-star\">\u2605<\/span><span class=\"uag-star\">\u2605<\/span><span class=\"uag-star\">\u2605<\/span><span class=\"uag-star\">\u2605<\/span><span class=\"uag-star\">\u2605<\/span><\/div><\/div>\n\n\n\n<p>\u201cStaff are super helpful and friendly! There was a good range of stock along really nice place to relax. I would highly recommend to anyone in the area.\u00a8<\/p>\n<\/div>\n\n\n\n<div class=\"wp-block-uagb-container uagb-block-16a7970b\">\n<div class=\"wp-block-uagb-star-rating uagb-block-9412f36b\"><div class=\"uag-star-rating\" title=\"5\/5\"><span class=\"uag-star\">\u2605<\/span><span class=\"uag-star\">\u2605<\/span><span class=\"uag-star\">\u2605<\/span><span class=\"uag-star\">\u2605<\/span><span class=\"uag-star\">\u2605<\/span><\/div><\/div>\n\n\n\n<p>\u201cI\u2019ve been to this place with some friends on vacation. What about, a really nice location with a really well-stocked menu, to be opened recently. I have friends who live here and when I come back to visit them I will supply myself again in this place! High quality!<\/p>\n<\/div>\n<\/div>\n\n\n\n<div class=\"wp-block-uagb-container uagb-block-ea0e0d35\">\n<div class=\"wp-block-uagb-advanced-heading uagb-block-5c1c88c8\"><h2 class=\"uagb-heading-text\">What our visitors say<\/h2><\/div>\n\n\n\n<div class=\"wp-block-uagb-container uagb-block-c7acf1da\">\n<div class=\"wp-block-uagb-star-rating uagb-block-8ffaa46c\"><div class=\"uag-star-rating\" title=\"5\/5\"><span class=\"uag-star\">\u2605<\/span><span class=\"uag-star\">\u2605<\/span><span class=\"uag-star\">\u2605<\/span><span class=\"uag-star\">\u2605<\/span><span class=\"uag-star\">\u2605<\/span><\/div><\/div>\n\n\n\n<p>\u201cPerfect place to spend some free time, friendly staff, friendly atmosphere and top quality products. I will return absolutly.\u00b4\u00b4<\/p>\n<\/div>\n\n\n\n<div class=\"wp-block-uagb-container uagb-block-e5be2388\">\n<div class=\"wp-block-uagb-star-rating uagb-block-e0dd62c8\"><div class=\"uag-star-rating\" title=\"5\/5\"><span class=\"uag-star\">\u2605<\/span><span class=\"uag-star\">\u2605<\/span><span class=\"uag-star\">\u2605<\/span><span class=\"uag-star\">\u2605<\/span><span class=\"uag-star\">\u2605<\/span><\/div><\/div>\n\n\n\n<p>\"Great store or Saturday, the first time you were there, I was excited, especially as a Muller, finding things good and feeling safe and most important in previous years, always on the beach or in the sky, I was worried that it couldn't be compared with this quality! I would love to come back \ud83e\udd70...\"<\/p>\n<\/div>\n<\/div>\n<\/div><\/div>\n\n\n\n<div class=\"wp-block-uagb-advanced-heading uagb-block-04e69f45\"><h2 class=\"uagb-heading-text\">! We are here \u00a1<\/h2><\/div>\n\n\n\n<div style=\"display: flex; justify-content: center; padding: 20px;\">\n  <div style=\"    width: 100%;    max-width: 800px;    background: #f9f9f9;    border: 1px solid #ccc;    border-radius: 20px;    box-shadow: 0 4px 20px rgba(0, 0, 0, 0.1);    overflow: hidden;    font-family: sans-serif;  \">\n    <!-- Barra superior como si fuera un visor -->\n    <div style=\"      background: #e5e5e5;      padding: 10px 16px;      display: flex;      align-items: center;      gap: 8px;    \">\n      <div style=\"width: 12px; height: 12px; background: #ff5f56; border-radius: 50%;\"><\/div>\n      <div style=\"width: 12px; height: 12px; background: #ffbd2e; border-radius: 50%;\"><\/div>\n      <div style=\"width: 12px; height: 12px; background: #27c93f; border-radius: 50%;\"><\/div>\n    <\/div>\n\n    <!-- Mapa incrustado actualizado -->\n    <iframe \n      src=\"https:\/\/www.google.com\/maps\/embed?pb=!1m18!1m12!1m3!1d3195.1409301520866!2d-15.5723542!3d27.7559898!2m3!1f0!2f0!3f0!3m2!1i1024!2i768!4f13.1!3m3!1m2!1s0xc3f63f00d558195%3A0xc191736004fb8379!2sSocial%20Weed%20Club%20Californian%20Wax%20Csc!5e1!3m2!1sgl!2ses!4v1749736270375!5m2!1sgl!2ses\" \n      width=\"100%\" \n      height=\"450\" \n      style=\"border: 0; display: block;\" \n      allowfullscreen=\"\" \n      loading=\"lazy\" \n      referrerpolicy=\"no-referrer-when-downgrade\">\n    <\/iframe>\n  <\/div>\n<\/div>\n\n\n\n<p><\/p>\n\n\n\n<div class=\"wp-block-uagb-container uagb-block-d4be03df alignfull uagb-is-root-container\"><div class=\"uagb-container-inner-blocks-wrap\">\n<div class=\"wp-block-uagb-info-box uagb-block-bf3ca8a8 uagb-infobox__content-wrap  uagb-infobox-icon-above-title uagb-infobox-image-valign-top\"><div class=\"uagb-ifb-content\"><div class=\"uagb-ifb-icon-wrap\"><svg xmlns=\"https:\/\/www.w3.org\/2000\/svg\" viewbox=\"0 0 448 512\"><path d=\"M224.1 141c-63.6 0-114.9 51.3-114.9 114.9s51.3 114.9 114.9 114.9S339 319.5 339 255.9 287.7 141 224.1 141zm0 189.6c-41.1 0-74.7-33.5-74.7-74.7s33.5-74.7 74.7-74.7 74.7 33.5 74.7 74.7-33.6 74.7-74.7 74.7zm146.4-194.3c0 14.9-12 26.8-26.8 26.8-14.9 0-26.8-12-26.8-26.8s12-26.8 26.8-26.8 26.8 12 26.8 26.8zm76.1 27.2c-1.7-35.9-9.9-67.7-36.2-93.9-26.2-26.2-58-34.4-93.9-36.2-37-2.1-147.9-2.1-184.9 0-35.8 1.7-67.6 9.9-93.9 36.1s-34.4 58-36.2 93.9c-2.1 37-2.1 147.9 0 184.9 1.7 35.9 9.9 67.7 36.2 93.9s58 34.4 93.9 36.2c37 2.1 147.9 2.1 184.9 0 35.9-1.7 67.7-9.9 93.9-36.2 26.2-26.2 34.4-58 36.2-93.9 2.1-37 2.1-147.8 0-184.8zM398.8 388c-7.8 19.6-22.9 34.7-42.6 42.6-29.5 11.7-99.5 9-132.1 9s-102.7 2.6-132.1-9c-19.6-7.8-34.7-22.9-42.6-42.6-11.7-29.5-9-99.5-9-132.1s-2.6-102.7 9-132.1c7.8-19.6 22.9-34.7 42.6-42.6 29.5-11.7 99.5-9 132.1-9s102.7-2.6 132.1 9c19.6 7.8 34.7 22.9 42.6 42.6 11.7 29.5 9 99.5 9 132.1s2.7 102.7-9 132.1z\"><\/path><\/svg><\/div><div class=\"uagb-ifb-title-wrap\"><h2 class=\"uagb-ifb-title\">Follow us in Instagram<\/h2><\/div><\/div><\/div>\n\n\n\n<div class=\"wp-block-uagb-advanced-heading uagb-block-3f39a40a\"><h2 class=\"uagb-heading-text\">@weed_club_californian_wax<\/h2><\/div>\n\n\n\n<div style=\"text-align: center;\">\n  <a href=\"https:\/\/www.instagram.com\/californianwax\/\" target=\"_blank\" rel=\"noopener noreferrer\" class=\"instagram-follow-btn\">\n    Visit Instagram\n  <\/a>\n<\/div>\n\n<style>\n.instagram-follow-btn {\n  display: inline-block;\n  padding: 12px 24px;\n  background-color: #28a745; \/* Verde *\/\n  color: #ffffff; \/* Letras blancas *\/\n  text-decoration: none;\n  border-radius: 8px; \/* Bordes redondeados *\/\n  font-weight: bold;\n  font-family: sans-serif;\n  transition: background-color 0.3s ease;\n}\n\n.instagram-follow-btn:hover {\n  background-color: #218838; \/* Verde m\u00e1s oscuro al pasar el mouse *\/\n}\n<\/style>\n<\/div><\/div>","protected":false},"excerpt":{"rendered":"<p>Registrarte REse\u00f1as \u00a1El personal es s\u00faper servicial y amable! Hab\u00eda una buena variedad de art\u00edculos y un lugar muy agradable para relajarse. Lo recomiendo ampliamente a cualquiera que est\u00e9 en la zona. Fui a este lugar con unos amigos de vacaciones. \u00bfQu\u00e9 les parece? Es un lugar muy agradable con un men\u00fa muy completo, que [&hellip;]<\/p>","protected":false},"author":1,"featured_media":0,"parent":0,"menu_order":1,"comment_status":"closed","ping_status":"closed","template":"","meta":{"_uag_custom_page_level_css":"abrir-popup-registro\n","site-sidebar-layout":"no-sidebar","site-content-layout":"plain-container","ast-site-content-layout":"normal-width-container","site-content-style":"unboxed","site-sidebar-style":"unboxed","ast-global-header-display":"","ast-banner-title-visibility":"","ast-main-header-display":"","ast-hfb-above-header-display":"","ast-hfb-below-header-display":"","ast-hfb-mobile-header-display":"","site-post-title":"disabled","ast-breadcrumbs-content":"","ast-featured-img":"","footer-sml-layout":"","ast-disable-related-posts":"","theme-transparent-header-meta":"enabled","adv-header-id-meta":"","stick-header-meta":"","header-above-stick-meta":"","header-main-stick-meta":"","header-below-stick-meta":"","astra-migrate-meta-layouts":"set","ast-page-background-enabled":"default","ast-page-background-meta":{"desktop":{"background-color":"","background-image":"","background-repeat":"repeat","background-position":"center center","background-size":"auto","background-attachment":"scroll","background-type":"","background-media":"","overlay-type":"","overlay-color":"","overlay-opacity":"","overlay-gradient":""},"tablet":{"background-color":"","background-image":"","background-repeat":"repeat","background-position":"center center","background-size":"auto","background-attachment":"scroll","background-type":"","background-media":"","overlay-type":"","overlay-color":"","overlay-opacity":"","overlay-gradient":""},"mobile":{"background-color":"","background-image":"","background-repeat":"repeat","background-position":"center center","background-size":"auto","background-attachment":"scroll","background-type":"","background-media":"","overlay-type":"","overlay-color":"","overlay-opacity":"","overlay-gradient":""}},"ast-content-background-meta":{"desktop":{"background-color":"var(--ast-global-color-5)","background-image":"","background-repeat":"repeat","background-position":"center center","background-size":"auto","background-attachment":"scroll","background-type":"","background-media":"","overlay-type":"","overlay-color":"","overlay-opacity":"","overlay-gradient":""},"tablet":{"background-color":"var(--ast-global-color-5)","background-image":"","background-repeat":"repeat","background-position":"center center","background-size":"auto","background-attachment":"scroll","background-type":"","background-media":"","overlay-type":"","overlay-color":"","overlay-opacity":"","overlay-gradient":""},"mobile":{"background-color":"var(--ast-global-color-5)","background-image":"","background-repeat":"repeat","background-position":"center center","background-size":"auto","background-attachment":"scroll","background-type":"","background-media":"","overlay-type":"","overlay-color":"","overlay-opacity":"","overlay-gradient":""}},"footnotes":""},"class_list":["post-1423","page","type-page","status-publish","hentry"],"aioseo_notices":[],"uagb_featured_image_src":{"full":false,"thumbnail":false,"medium":false,"medium_large":false,"large":false,"1536x1536":false,"2048x2048":false,"trp-custom-language-flag":false},"uagb_author_info":{"display_name":"jorgesmr01@gmail.com","author_link":"https:\/\/californiawax.es\/en\/author\/jorgesmr01gmail-com\/"},"uagb_comment_info":0,"uagb_excerpt":"Registrarte REse\u00f1as \u00a1El personal es s\u00faper servicial y amable! Hab\u00eda una buena variedad de art\u00edculos y un lugar muy agradable para relajarse. Lo recomiendo ampliamente a cualquiera que est\u00e9 en la zona. Fui a este lugar con unos amigos de vacaciones. \u00bfQu\u00e9 les parece? Es un lugar muy agradable con un men\u00fa muy completo, que&hellip;","_links":{"self":[{"href":"https:\/\/californiawax.es\/en\/wp-json\/wp\/v2\/pages\/1423","targetHints":{"allow":["GET"]}}],"collection":[{"href":"https:\/\/californiawax.es\/en\/wp-json\/wp\/v2\/pages"}],"about":[{"href":"https:\/\/californiawax.es\/en\/wp-json\/wp\/v2\/types\/page"}],"author":[{"embeddable":true,"href":"https:\/\/californiawax.es\/en\/wp-json\/wp\/v2\/users\/1"}],"replies":[{"embeddable":true,"href":"https:\/\/californiawax.es\/en\/wp-json\/wp\/v2\/comments?post=1423"}],"version-history":[{"count":0,"href":"https:\/\/californiawax.es\/en\/wp-json\/wp\/v2\/pages\/1423\/revisions"}],"wp:attachment":[{"href":"https:\/\/californiawax.es\/en\/wp-json\/wp\/v2\/media?parent=1423"}],"curies":[{"name":"wp","href":"https:\/\/api.w.org\/{rel}","templated":true}]}}